{"id":57,"date":"2021-05-15T21:07:44","date_gmt":"2021-05-15T21:07:44","guid":{"rendered":"http:\/\/casadomoleiro.com\/casadomoleiroteste\/?page_id=57"},"modified":"2022-07-05T12:29:38","modified_gmt":"2022-07-05T12:29:38","slug":"casadoferrador","status":"publish","type":"page","link":"https:\/\/casadomoleiro.com\/casadomoleiroteste\/casadoferrador\/","title":{"rendered":"CASA DO FERRADOR"},"content":{"rendered":"<div id=\"pl-57\"  class=\"panel-layout\" ><div id=\"pg-57-0\"  class=\"panel-grid panel-no-style\" ><div id=\"pgc-57-0-0\"  class=\"panel-grid-cell\" ><div id=\"panel-57-0-0-0\" class=\"so-panel widget widget_sow-slider panel-first-child panel-last-child\" data-index=\"0\" ><div\n\t\t\t\n\t\t\tclass=\"so-widget-sow-slider so-widget-sow-slider-default-6d39609536fd-57\"\n\t\t\t\n\t\t>\t\t\t\t<div class=\"sow-slider-base\" style=\"display: none\" tabindex=\"0\">\n\t\t\t\t\t<ul\n\t\t\t\t\tclass=\"sow-slider-images\"\n\t\t\t\t\tdata-settings=\"{&quot;pagination&quot;:true,&quot;speed&quot;:800,&quot;timeout&quot;:8000,&quot;paused&quot;:false,&quot;pause_on_hover&quot;:false,&quot;swipe&quot;:true,&quot;nav_always_show_desktop&quot;:&quot;&quot;,&quot;nav_always_show_mobile&quot;:&quot;&quot;,&quot;breakpoint&quot;:&quot;780px&quot;,&quot;unmute&quot;:false,&quot;anchor&quot;:null}\"\n\t\t\t\t\t\t\t\t\t\tdata-anchor-id=\"\"\n\t\t\t\t>\t\t<li class=\"sow-slider-image\" style=\"visibility: visible;\" >\n\t\t\t\t\t\t<img loading=\"lazy\" decoding=\"async\" width=\"1600\" height=\"1024\" src=\"https:\/\/casadomoleiro.com\/casadomoleiroteste\/wp-content\/uploads\/2022\/07\/Ferrador-ABERTURA.jpg\" class=\"sow-slider-background-image\" alt=\"\" style=\"\" srcset=\"https:\/\/casadomoleiro.com\/casadomoleiroteste\/wp-content\/uploads\/2022\/07\/Ferrador-ABERTURA.jpg 1600w, https:\/\/casadomoleiro.com\/casadomoleiroteste\/wp-content\/uploads\/2022\/07\/Ferrador-ABERTURA-300x192.jpg 300w, https:\/\/casadomoleiro.com\/casadomoleiroteste\/wp-content\/uploads\/2022\/07\/Ferrador-ABERTURA-1024x655.jpg 1024w, https:\/\/casadomoleiro.com\/casadomoleiroteste\/wp-content\/uploads\/2022\/07\/Ferrador-ABERTURA-768x492.jpg 768w, https:\/\/casadomoleiro.com\/casadomoleiroteste\/wp-content\/uploads\/2022\/07\/Ferrador-ABERTURA-1536x983.jpg 1536w\" sizes=\"auto, (max-width: 1600px) 100vw, 1600px\" \/>\t\t<\/li>\n\t\t<\/ul>\t\t\t\t<ol class=\"sow-slider-pagination\">\n\t\t\t\t\t\t\t\t\t\t\t<li><a href=\"#\" data-goto=\"0\" aria-label=\"Display slide 1\"><\/a><\/li>\n\t\t\t\t\t\t\t\t\t<\/ol>\n\n\t\t\t\t<div class=\"sow-slide-nav sow-slide-nav-next\">\n\t\t\t\t\t<a href=\"#\" data-goto=\"next\" aria-label=\"Next slide\" data-action=\"next\">\n\t\t\t\t\t\t<em class=\"sow-sld-icon-thin-right\"><\/em>\n\t\t\t\t\t<\/a>\n\t\t\t\t<\/div>\n\n\t\t\t\t<div class=\"sow-slide-nav sow-slide-nav-prev\">\n\t\t\t\t\t<a href=\"#\" data-goto=\"previous\" aria-label=\"Previous slide\" data-action=\"prev\">\n\t\t\t\t\t\t<em class=\"sow-sld-icon-thin-left\"><\/em>\n\t\t\t\t\t<\/a>\n\t\t\t\t<\/div>\n\t\t\t\t<\/div><\/div><\/div><\/div><\/div><div id=\"pg-57-1\"  class=\"panel-grid panel-no-style\" ><div id=\"pgc-57-1-0\"  class=\"panel-grid-cell\" ><div id=\"panel-57-1-0-0\" class=\"so-panel widget widget_sow-headline panel-first-child panel-last-child\" data-index=\"1\" ><div\n\t\t\t\n\t\t\tclass=\"so-widget-sow-headline so-widget-sow-headline-default-6e07259e8057-57 so-widget-fittext-wrapper\"\n\t\t\t data-fit-text-compressor=\"0.85\"\n\t\t><div class=\"sow-headline-container \">\n\t\t\t\t\t\t\t<h1 class=\"sow-headline\">\n\t\t\t\t\t\tCASA DO FERRADOR \t\t\t\t\t\t<\/h1>\n\t\t\t\t\t\t\t\t\t\t\t\t<h3 class=\"sow-sub-headline\">\n\t\t\t\t\t\tCapacidade 6 a 8 pax, com dois pisos.\t\t\t\t\t\t<\/h3>\n\t\t\t\t\t\t<\/div>\n<\/div><\/div><\/div><\/div><div id=\"pg-57-2\"  class=\"panel-grid panel-no-style\" ><div id=\"pgc-57-2-0\"  class=\"panel-grid-cell\" ><div id=\"panel-57-2-0-0\" class=\"so-panel widget widget_sow-image panel-first-child\" data-index=\"2\" ><div\n\t\t\t\n\t\t\tclass=\"so-widget-sow-image so-widget-sow-image-default-8b5b6f678277-57\"\n\t\t\t\n\t\t>\n<div class=\"sow-image-container\">\n\t\t<img \n\tsrc=\"https:\/\/casadomoleiro.com\/casadomoleiroteste\/wp-content\/uploads\/2022\/07\/Casa-do-Moleiro-9-scaled.jpg\" width=\"2560\" height=\"1639\" srcset=\"https:\/\/casadomoleiro.com\/casadomoleiroteste\/wp-content\/uploads\/2022\/07\/Casa-do-Moleiro-9-scaled.jpg 2560w, https:\/\/casadomoleiro.com\/casadomoleiroteste\/wp-content\/uploads\/2022\/07\/Casa-do-Moleiro-9-300x192.jpg 300w, https:\/\/casadomoleiro.com\/casadomoleiroteste\/wp-content\/uploads\/2022\/07\/Casa-do-Moleiro-9-1024x655.jpg 1024w, https:\/\/casadomoleiro.com\/casadomoleiroteste\/wp-content\/uploads\/2022\/07\/Casa-do-Moleiro-9-768x492.jpg 768w, https:\/\/casadomoleiro.com\/casadomoleiroteste\/wp-content\/uploads\/2022\/07\/Casa-do-Moleiro-9-1536x983.jpg 1536w, https:\/\/casadomoleiro.com\/casadomoleiroteste\/wp-content\/uploads\/2022\/07\/Casa-do-Moleiro-9-2048x1311.jpg 2048w\" sizes=\"(max-width: 2560px) 100vw, 2560px\" title=\"OLYMPUS DIGITAL CAMERA\" alt=\"\" \t\tclass=\"so-widget-image\"\/>\n\t<\/div>\n\n<\/div><\/div><div id=\"panel-57-2-0-1\" class=\"so-panel widget widget_sow-headline panel-last-child\" data-index=\"3\" ><div\n\t\t\t\n\t\t\tclass=\"so-widget-sow-headline so-widget-sow-headline-default-d160295e7e11-57\"\n\t\t\t\n\t\t><div class=\"sow-headline-container \">\n\t\t\t\t\t\t\t<h3 class=\"sow-headline\">\n\t\t\t\t\t\tSALA\t\t\t\t\t\t<\/h3>\n\t\t\t\t\t\t<\/div>\n<\/div><\/div><\/div><div id=\"pgc-57-2-1\"  class=\"panel-grid-cell\" ><div id=\"panel-57-2-1-0\" class=\"so-panel widget widget_sow-image panel-first-child\" data-index=\"4\" ><div\n\t\t\t\n\t\t\tclass=\"so-widget-sow-image so-widget-sow-image-default-dbf295114b96-57\"\n\t\t\t\n\t\t>\n<div class=\"sow-image-container\">\n\t\t<img \n\tsrc=\"https:\/\/casadomoleiro.com\/casadomoleiroteste\/wp-content\/uploads\/2022\/06\/Casa-do-Moleiro-14-scaled.jpg\" width=\"2560\" height=\"1638\" srcset=\"https:\/\/casadomoleiro.com\/casadomoleiroteste\/wp-content\/uploads\/2022\/06\/Casa-do-Moleiro-14-scaled.jpg 2560w, https:\/\/casadomoleiro.com\/casadomoleiroteste\/wp-content\/uploads\/2022\/06\/Casa-do-Moleiro-14-300x192.jpg 300w, https:\/\/casadomoleiro.com\/casadomoleiroteste\/wp-content\/uploads\/2022\/06\/Casa-do-Moleiro-14-1024x655.jpg 1024w, https:\/\/casadomoleiro.com\/casadomoleiroteste\/wp-content\/uploads\/2022\/06\/Casa-do-Moleiro-14-768x492.jpg 768w, https:\/\/casadomoleiro.com\/casadomoleiroteste\/wp-content\/uploads\/2022\/06\/Casa-do-Moleiro-14-1536x983.jpg 1536w, https:\/\/casadomoleiro.com\/casadomoleiroteste\/wp-content\/uploads\/2022\/06\/Casa-do-Moleiro-14-2048x1311.jpg 2048w\" sizes=\"(max-width: 2560px) 100vw, 2560px\" title=\"OLYMPUS DIGITAL CAMERA\" alt=\"\" \t\tclass=\"so-widget-image\"\/>\n\t<\/div>\n\n<\/div><\/div><div id=\"panel-57-2-1-1\" class=\"so-panel widget widget_sow-headline panel-last-child\" data-index=\"5\" ><div\n\t\t\t\n\t\t\tclass=\"so-widget-sow-headline so-widget-sow-headline-default-d160295e7e11-57\"\n\t\t\t\n\t\t><div class=\"sow-headline-container \">\n\t\t\t\t\t\t\t<h3 class=\"sow-headline\">\n\t\t\t\t\t\tCOZINHA\/SALA\t\t\t\t\t\t<\/h3>\n\t\t\t\t\t\t<\/div>\n<\/div><\/div><\/div><div id=\"pgc-57-2-2\"  class=\"panel-grid-cell\" ><div id=\"panel-57-2-2-0\" class=\"so-panel widget widget_sow-image panel-first-child\" data-index=\"6\" ><div\n\t\t\t\n\t\t\tclass=\"so-widget-sow-image so-widget-sow-image-default-8b5b6f678277-57\"\n\t\t\t\n\t\t>\n<div class=\"sow-image-container\">\n\t\t<img \n\tsrc=\"https:\/\/casadomoleiro.com\/casadomoleiroteste\/wp-content\/uploads\/2022\/07\/QUARTO-CASAL-FERRADOR-scaled.jpg\" width=\"2560\" height=\"1638\" srcset=\"https:\/\/casadomoleiro.com\/casadomoleiroteste\/wp-content\/uploads\/2022\/07\/QUARTO-CASAL-FERRADOR-scaled.jpg 2560w, https:\/\/casadomoleiro.com\/casadomoleiroteste\/wp-content\/uploads\/2022\/07\/QUARTO-CASAL-FERRADOR-300x192.jpg 300w, https:\/\/casadomoleiro.com\/casadomoleiroteste\/wp-content\/uploads\/2022\/07\/QUARTO-CASAL-FERRADOR-1024x655.jpg 1024w, https:\/\/casadomoleiro.com\/casadomoleiroteste\/wp-content\/uploads\/2022\/07\/QUARTO-CASAL-FERRADOR-768x491.jpg 768w, https:\/\/casadomoleiro.com\/casadomoleiroteste\/wp-content\/uploads\/2022\/07\/QUARTO-CASAL-FERRADOR-1536x983.jpg 1536w, https:\/\/casadomoleiro.com\/casadomoleiroteste\/wp-content\/uploads\/2022\/07\/QUARTO-CASAL-FERRADOR-2048x1311.jpg 2048w\" sizes=\"(max-width: 2560px) 100vw, 2560px\" title=\"QUARTO CASAL FERRADOR\" alt=\"\" \t\tclass=\"so-widget-image\"\/>\n\t<\/div>\n\n<\/div><\/div><div id=\"panel-57-2-2-1\" class=\"so-panel widget widget_sow-headline panel-last-child\" data-index=\"7\" ><div\n\t\t\t\n\t\t\tclass=\"so-widget-sow-headline so-widget-sow-headline-default-d160295e7e11-57\"\n\t\t\t\n\t\t><div class=\"sow-headline-container \">\n\t\t\t\t\t\t\t<h3 class=\"sow-headline\">\n\t\t\t\t\t\tQUARTO CASAL\t\t\t\t\t\t<\/h3>\n\t\t\t\t\t\t<\/div>\n<\/div><\/div><\/div><\/div><div id=\"pg-57-3\"  class=\"panel-grid panel-no-style\" ><div id=\"pgc-57-3-0\"  class=\"panel-grid-cell\" ><div id=\"panel-57-3-0-0\" class=\"so-panel widget widget_sow-image panel-first-child\" data-index=\"8\" ><div\n\t\t\t\n\t\t\tclass=\"so-widget-sow-image so-widget-sow-image-default-8b5b6f678277-57\"\n\t\t\t\n\t\t>\n<div class=\"sow-image-container\">\n\t\t<img \n\tsrc=\"https:\/\/casadomoleiro.com\/casadomoleiroteste\/wp-content\/uploads\/2021\/05\/Ferrador-5.jpg\" width=\"1600\" height=\"1200\" srcset=\"https:\/\/casadomoleiro.com\/casadomoleiroteste\/wp-content\/uploads\/2021\/05\/Ferrador-5.jpg 1600w, https:\/\/casadomoleiro.com\/casadomoleiroteste\/wp-content\/uploads\/2021\/05\/Ferrador-5-300x225.jpg 300w, https:\/\/casadomoleiro.com\/casadomoleiroteste\/wp-content\/uploads\/2021\/05\/Ferrador-5-1024x768.jpg 1024w, https:\/\/casadomoleiro.com\/casadomoleiroteste\/wp-content\/uploads\/2021\/05\/Ferrador-5-768x576.jpg 768w, https:\/\/casadomoleiro.com\/casadomoleiroteste\/wp-content\/uploads\/2021\/05\/Ferrador-5-1536x1152.jpg 1536w\" sizes=\"(max-width: 1600px) 100vw, 1600px\" alt=\"\" \t\tclass=\"so-widget-image\"\/>\n\t<\/div>\n\n<\/div><\/div><div id=\"panel-57-3-0-1\" class=\"so-panel widget widget_sow-headline panel-last-child\" data-index=\"9\" ><div\n\t\t\t\n\t\t\tclass=\"so-widget-sow-headline so-widget-sow-headline-default-d160295e7e11-57\"\n\t\t\t\n\t\t><div class=\"sow-headline-container \">\n\t\t\t\t\t\t\t<h3 class=\"sow-headline\">\n\t\t\t\t\t\tQUARTO DUAS CAMAS\t\t\t\t\t\t<\/h3>\n\t\t\t\t\t\t<\/div>\n<\/div><\/div><\/div><div id=\"pgc-57-3-1\"  class=\"panel-grid-cell\" ><div id=\"panel-57-3-1-0\" class=\"so-panel widget widget_sow-headline panel-first-child panel-last-child\" data-index=\"10\" ><div\n\t\t\t\n\t\t\tclass=\"so-widget-sow-headline so-widget-sow-headline-default-d160295e7e11-57\"\n\t\t\t\n\t\t><div class=\"sow-headline-container \">\n\t\t\t\t\t\t\t<p class=\"sow-sub-headline\">\n\t\t\t\t\t\tUma cozinha com passa-pratos, que permite o conv\u00edvio entre quem cozinha e quem usufruir do lazer na sala. Est\u00e1 equipada com m\u00e1quina de lavar lou\u00e7a, forno, micro-ondas, m\u00e1quina de caf\u00e9 expresso, torradeira, chaleira el\u00e9trica, etc. O piso inferior possui 3 quartos \u2013 um com cama de casal e casa de banho privativa; \u2013 um com duas camas; \u2013 um com cama de casal, \u2013 um WC com base de chuveiro. Possui, ainda, um espa\u00e7o exterior (exclusivo) com uma p\u00e9rgola, uma mesa de refei\u00e7\u00f5es para 10 pessoas e cadeiras de repouso, um barbecue exclusivo.\t\t\t\t\t\t<\/p>\n\t\t\t\t\t\t<\/div>\n<\/div><\/div><\/div><div id=\"pgc-57-3-2\"  class=\"panel-grid-cell\" ><div id=\"panel-57-3-2-0\" class=\"so-panel widget widget_sow-headline panel-first-child panel-last-child\" data-index=\"11\" ><div\n\t\t\t\n\t\t\tclass=\"so-widget-sow-headline so-widget-sow-headline-default-d160295e7e11-57\"\n\t\t\t\n\t\t><div class=\"sow-headline-container \">\n\t\t\t\t\t\t\t<h3 class=\"sow-headline\">\n\t\t\t\t\t\tEsta Casa, a maior, fica situada sobre a piscina.\t\t\t\t\t\t<\/h3>\n\t\t\t\t\t\t<\/div>\n<\/div><\/div><\/div><\/div><div id=\"pg-57-4\"  class=\"panel-grid panel-no-style\" ><div id=\"pgc-57-4-0\"  class=\"panel-grid-cell\" ><div id=\"panel-57-4-0-0\" class=\"so-panel widget widget_sow-hero panel-first-child panel-last-child\" data-index=\"12\" ><div\n\t\t\t\n\t\t\tclass=\"so-widget-sow-hero so-widget-sow-hero-default-96030bcaa8d9-57 so-widget-fittext-wrapper\"\n\t\t\t data-fit-text-compressor=\"0.85\"\n\t\t>\t\t\t\t<div class=\"sow-slider-base\" style=\"display: none\" tabindex=\"0\">\n\t\t\t\t\t<ul\n\t\t\t\t\tclass=\"sow-slider-images\"\n\t\t\t\t\tdata-settings=\"{&quot;pagination&quot;:true,&quot;speed&quot;:800,&quot;timeout&quot;:8000,&quot;paused&quot;:false,&quot;pause_on_hover&quot;:false,&quot;swipe&quot;:true,&quot;nav_always_show_desktop&quot;:&quot;&quot;,&quot;nav_always_show_mobile&quot;:&quot;&quot;,&quot;breakpoint&quot;:&quot;780px&quot;,&quot;unmute&quot;:false,&quot;anchor&quot;:null}\"\n\t\t\t\t\tstyle=\"min-height: 440px\"\t\t\t\t\tdata-anchor-id=\"\"\n\t\t\t\t>\t\t<li class=\"sow-slider-image  sow-slider-image-cover\" style=\"visibility: visible;;background-color: #333333;cursor: pointer;\" data-url=\"{&quot;url&quot;:&quot;https:\\\/\\\/casadomoleiro.com\\\/casadomoleiroteste\\\/&quot;,&quot;new_window&quot;:false}\" >\n\t\t\t\t\t<div class=\"sow-slider-image-container\">\n\t\t\t<div class=\"sow-slider-image-wrapper\">\n\t\t\t\t<div class=\"sow-hero-buttons\" ><div\n\t\t\t\n\t\t\tclass=\"so-widget-sow-button so-widget-sow-button-wire-542f83ff9791\"\n\t\t\t\n\t\t><div class=\"ow-button-base ow-button-align-center\"\n>\n\t\t\t<a\n\t\t\t\t\thref=\"https:\/\/casadomoleiro.com\/casadomoleiroteste\/\"\n\t\t\t\t\tclass=\"sowb-button ow-icon-placement-bottom ow-button-hover\" \t>\n\t\t<span>\n\t\t\t\n\t\t\tREGRESSAR A CASA \/ RETURN HOME\t\t<\/span>\n\t\t\t<\/a>\n\t<\/div>\n<\/div><\/div>\t\t\t<\/div>\n\t\t<\/div>\n\t\t<div class=\"sow-slider-image-overlay sow-slider-image-cover\" style=\"opacity: 0.5;background-image: url(https:\/\/casadomoleiro.com\/casadomoleiroteste\/wp-content\/uploads\/2021\/05\/detalhes-casa-do-moleiro-9.jpg)\"  ><\/div>\t\t<\/li>\n\t\t<\/ul>\t\t\t\t<ol class=\"sow-slider-pagination\">\n\t\t\t\t\t\t\t\t\t\t\t<li><a href=\"#\" data-goto=\"0\" aria-label=\"Display slide 1\"><\/a><\/li>\n\t\t\t\t\t\t\t\t\t<\/ol>\n\n\t\t\t\t<div class=\"sow-slide-nav sow-slide-nav-next\">\n\t\t\t\t\t<a href=\"#\" data-goto=\"next\" aria-label=\"Next slide\" data-action=\"next\">\n\t\t\t\t\t\t<em class=\"sow-sld-icon-thin-right\"><\/em>\n\t\t\t\t\t<\/a>\n\t\t\t\t<\/div>\n\n\t\t\t\t<div class=\"sow-slide-nav sow-slide-nav-prev\">\n\t\t\t\t\t<a href=\"#\" data-goto=\"previous\" aria-label=\"Previous slide\" data-action=\"prev\">\n\t\t\t\t\t\t<em class=\"sow-sld-icon-thin-left\"><\/em>\n\t\t\t\t\t<\/a>\n\t\t\t\t<\/div>\n\t\t\t\t<\/div><\/div><\/div><\/div><\/div><\/div>","protected":false},"excerpt":{"rendered":"<p>CASA DO FERRADOR Capacidade 6 a 8 pax, com dois pisos. SALA COZINHA\/SALA QUARTO CASAL QUARTO DUAS CAMAS Uma cozinha com passa-pratos, que permite o conv\u00edvio entre quem cozinha e quem usufruir do lazer na sala. Est\u00e1 equipada com m\u00e1quina de lavar lou\u00e7a, forno, micro-ondas, m\u00e1quina de caf\u00e9 expresso, torradeira, chaleira el\u00e9trica, etc. O piso [&hellip;]<\/p>\n","protected":false},"author":1,"featured_media":0,"parent":0,"menu_order":0,"comment_status":"closed","ping_status":"closed","template":"","meta":{"footnotes":""},"class_list":["post-57","page","type-page","status-publish","hentry","post"],"_links":{"self":[{"href":"https:\/\/casadomoleiro.com\/casadomoleiroteste\/wp-json\/wp\/v2\/pages\/57","targetHints":{"allow":["GET"]}}],"collection":[{"href":"https:\/\/casadomoleiro.com\/casadomoleiroteste\/wp-json\/wp\/v2\/pages"}],"about":[{"href":"https:\/\/casadomoleiro.com\/casadomoleiroteste\/wp-json\/wp\/v2\/types\/page"}],"author":[{"embeddable":true,"href":"https:\/\/casadomoleiro.com\/casadomoleiroteste\/wp-json\/wp\/v2\/users\/1"}],"replies":[{"embeddable":true,"href":"https:\/\/casadomoleiro.com\/casadomoleiroteste\/wp-json\/wp\/v2\/comments?post=57"}],"version-history":[{"count":13,"href":"https:\/\/casadomoleiro.com\/casadomoleiroteste\/wp-json\/wp\/v2\/pages\/57\/revisions"}],"predecessor-version":[{"id":288,"href":"https:\/\/casadomoleiro.com\/casadomoleiroteste\/wp-json\/wp\/v2\/pages\/57\/revisions\/288"}],"wp:attachment":[{"href":"https:\/\/casadomoleiro.com\/casadomoleiroteste\/wp-json\/wp\/v2\/media?parent=57"}],"curies":[{"name":"wp","href":"https:\/\/api.w.org\/{rel}","templated":true}]}}