{"id":5,"date":"2021-05-15T20:26:56","date_gmt":"2021-05-15T20:26:56","guid":{"rendered":"http:\/\/casadomoleiro.com\/casadomoleiroteste\/?page_id=5"},"modified":"2022-06-01T09:56:17","modified_gmt":"2022-06-01T09:56:17","slug":"crie-o-seu-site-com-blocos","status":"publish","type":"page","link":"https:\/\/casadomoleiro.com\/casadomoleiroteste\/","title":{"rendered":"HOME"},"content":{"rendered":"<hr class=\"wp-block-separator is-style-wide\" \/>\r\n\r\n\r\n<div class=\"wp-block-spacer\" style=\"height: 100px;\" aria-hidden=\"true\">\u00a0<\/div>\r\n\r\n\r\n\r\n<p class=\"has-text-align-center\">A Casa do Moleiro, \u00e9 um espa\u00e7o privilegiado para amantes da natureza. Fica situada nas<br \/>encostas da Serra do Montemuro, a 300 m do Rio Bestan\u00e7a ,com vistas panor\u00e2micas para os<br \/>rios Douro e Bestan\u00e7a e para a montanha.<\/p>\r\n\r\n\r\n\r\n<div class=\"wp-block-spacer\" style=\"height: 100px;\" aria-hidden=\"true\">\u00a0<\/div>\r\n\r\n\r\n\r\n<div class=\"wp-block-columns alignwide are-vertically-aligned-top is-layout-flex wp-container-core-columns-is-layout-9d6595d7 wp-block-columns-is-layout-flex\">\r\n<div class=\"wp-block-column is-vertically-aligned-top is-layout-flow wp-block-column-is-layout-flow\">\r\n<figure class=\"wp-block-image size-large\"><a href=\"https:\/\/casadomoleiro.com\/casadomoleiroteste\/casadoferrador\"><img loading=\"lazy\" decoding=\"async\" width=\"1596\" height=\"898\" class=\"wp-image-168\" src=\"https:\/\/casadomoleiro.com\/casadomoleiroteste\/wp-content\/uploads\/2021\/05\/ferrador3-edited-1.jpg\" alt=\"\" srcset=\"https:\/\/casadomoleiro.com\/casadomoleiroteste\/wp-content\/uploads\/2021\/05\/ferrador3-edited-1.jpg 1596w, https:\/\/casadomoleiro.com\/casadomoleiroteste\/wp-content\/uploads\/2021\/05\/ferrador3-edited-1-300x169.jpg 300w, https:\/\/casadomoleiro.com\/casadomoleiroteste\/wp-content\/uploads\/2021\/05\/ferrador3-edited-1-1024x576.jpg 1024w, https:\/\/casadomoleiro.com\/casadomoleiroteste\/wp-content\/uploads\/2021\/05\/ferrador3-edited-1-768x432.jpg 768w, https:\/\/casadomoleiro.com\/casadomoleiroteste\/wp-content\/uploads\/2021\/05\/ferrador3-edited-1-1536x864.jpg 1536w\" sizes=\"auto, (max-width: 1596px) 100vw, 1596px\" \/><\/a>\r\n<figcaption><strong>CASA DO FERRADOR<\/strong><\/figcaption>\r\n<\/figure>\r\n<\/div>\r\n\r\n\r\n\r\n<div class=\"wp-block-column is-vertically-aligned-top is-layout-flow wp-block-column-is-layout-flow\">\r\n<figure class=\"wp-block-image size-large\"><a href=\"https:\/\/casadomoleiro.com\/casadomoleiroteste\/?page_id=227&amp;preview=true\"><img loading=\"lazy\" decoding=\"async\" width=\"1798\" height=\"1011\" class=\"wp-image-163\" src=\"https:\/\/casadomoleiro.com\/casadomoleiroteste\/wp-content\/uploads\/2021\/05\/Mezzanine-2-1-edited.jpg\" alt=\"\" srcset=\"https:\/\/casadomoleiro.com\/casadomoleiroteste\/wp-content\/uploads\/2021\/05\/Mezzanine-2-1-edited.jpg 1798w, https:\/\/casadomoleiro.com\/casadomoleiroteste\/wp-content\/uploads\/2021\/05\/Mezzanine-2-1-edited-300x169.jpg 300w, https:\/\/casadomoleiro.com\/casadomoleiroteste\/wp-content\/uploads\/2021\/05\/Mezzanine-2-1-edited-1024x576.jpg 1024w, https:\/\/casadomoleiro.com\/casadomoleiroteste\/wp-content\/uploads\/2021\/05\/Mezzanine-2-1-edited-768x432.jpg 768w, https:\/\/casadomoleiro.com\/casadomoleiroteste\/wp-content\/uploads\/2021\/05\/Mezzanine-2-1-edited-1536x864.jpg 1536w\" sizes=\"auto, (max-width: 1798px) 100vw, 1798px\" \/><\/a>\r\n<figcaption><strong>CASA DA LEVADA<\/strong><\/figcaption>\r\n<\/figure>\r\n<\/div>\r\n\r\n\r\n\r\n<div class=\"wp-block-column is-vertically-aligned-top is-layout-flow wp-block-column-is-layout-flow\">\r\n<figure class=\"wp-block-image size-large\"><a href=\"https:\/\/casadomoleiro.com\/casadomoleiroteste\/contacto\/\"><img loading=\"lazy\" decoding=\"async\" width=\"1798\" height=\"1013\" class=\"wp-image-165\" src=\"https:\/\/casadomoleiro.com\/casadomoleiroteste\/wp-content\/uploads\/2021\/05\/pequenoalmoco-edited.jpg\" alt=\"\" srcset=\"https:\/\/casadomoleiro.com\/casadomoleiroteste\/wp-content\/uploads\/2021\/05\/pequenoalmoco-edited.jpg 1798w, https:\/\/casadomoleiro.com\/casadomoleiroteste\/wp-content\/uploads\/2021\/05\/pequenoalmoco-edited-300x169.jpg 300w, https:\/\/casadomoleiro.com\/casadomoleiroteste\/wp-content\/uploads\/2021\/05\/pequenoalmoco-edited-1024x577.jpg 1024w, https:\/\/casadomoleiro.com\/casadomoleiroteste\/wp-content\/uploads\/2021\/05\/pequenoalmoco-edited-768x433.jpg 768w, https:\/\/casadomoleiro.com\/casadomoleiroteste\/wp-content\/uploads\/2021\/05\/pequenoalmoco-edited-1536x865.jpg 1536w\" sizes=\"auto, (max-width: 1798px) 100vw, 1798px\" \/><\/a>\r\n<figcaption><strong>RECEP\u00c7\u00c3O<\/strong><\/figcaption>\r\n<\/figure>\r\n<\/div>\r\n<\/div>\r\n\r\n\r\n\r\n<p>&nbsp;<\/p>\r\n","protected":false},"excerpt":{"rendered":"<p>A Casa do Moleiro, \u00e9 um espa\u00e7o privilegiado para amantes da natureza. Fica situada nasencostas da Serra do Montemuro, a 300 m do Rio Bestan\u00e7a ,com vistas panor\u00e2micas para osrios Douro e Bestan\u00e7a e para a montanha. &nbsp;<\/p>\n","protected":false},"author":1,"featured_media":0,"parent":0,"menu_order":0,"comment_status":"closed","ping_status":"closed","template":"home-panels.php","meta":{"footnotes":""},"class_list":["post-5","page","type-page","status-publish","hentry","post"],"_links":{"self":[{"href":"https:\/\/casadomoleiro.com\/casadomoleiroteste\/wp-json\/wp\/v2\/pages\/5","targetHints":{"allow":["GET"]}}],"collection":[{"href":"https:\/\/casadomoleiro.com\/casadomoleiroteste\/wp-json\/wp\/v2\/pages"}],"about":[{"href":"https:\/\/casadomoleiro.com\/casadomoleiroteste\/wp-json\/wp\/v2\/types\/page"}],"author":[{"embeddable":true,"href":"https:\/\/casadomoleiro.com\/casadomoleiroteste\/wp-json\/wp\/v2\/users\/1"}],"replies":[{"embeddable":true,"href":"https:\/\/casadomoleiro.com\/casadomoleiroteste\/wp-json\/wp\/v2\/comments?post=5"}],"version-history":[{"count":39,"href":"https:\/\/casadomoleiro.com\/casadomoleiroteste\/wp-json\/wp\/v2\/pages\/5\/revisions"}],"predecessor-version":[{"id":268,"href":"https:\/\/casadomoleiro.com\/casadomoleiroteste\/wp-json\/wp\/v2\/pages\/5\/revisions\/268"}],"wp:attachment":[{"href":"https:\/\/casadomoleiro.com\/casadomoleiroteste\/wp-json\/wp\/v2\/media?parent=5"}],"curies":[{"name":"wp","href":"https:\/\/api.w.org\/{rel}","templated":true}]}}